{"id":938,"date":"2026-03-06T02:28:33","date_gmt":"2026-03-06T01:28:33","guid":{"rendered":"https:\/\/sisem-pro.com.mx\/?post_type=product&#038;p=938"},"modified":"2026-04-09T07:53:24","modified_gmt":"2026-04-09T05:53:24","slug":"total-chapa-inteligente","status":"publish","type":"product","link":"https:\/\/sisem-pro.com.mx\/index.php\/producto\/total-chapa-inteligente\/","title":{"rendered":"TOTAL CHAPA INTELIGENTE"},"content":{"rendered":"<h4><strong>CHAPA INTELIGENTE EZVIZ<br \/>\n<\/strong><\/h4>\n<ul>\n<li>Esta Soluci\u00f3n Incluye:<\/li>\n<\/ul>\n<h2><img loading=\"lazy\" decoding=\"async\" class=\"\" src=\"https:\/\/ftp3.syscom.mx\/usuarios\/fotos\/BancoFotografiasSyscom\/EZVIZ\/CSDL05R100\/CSDL05R100-AD-1-h.PNG\" alt=\"Vista 3 del producto\" width=\"377\" height=\"377\" \/><br \/>\n1 x Chapa Inteligente<\/h2>\n<h3>Caracter\u00edsticas:<\/h3>\n<ul>\n<li>Almacena los m\u00e9todos de acceso en memoria local<\/li>\n<li>Admite hasta\u00a0<strong>50 huellas<\/strong>\u00a0dactilares<\/li>\n<li>Hasta\u00a0<strong>50 c\u00f3digos<\/strong>\u00a0para acceso (contrase\u00f1as)<\/li>\n<li>Tags de proximidad permite a\u00f1adir hasta 50 (Solo tag EZVIZ, utiliza encriptaci\u00f3n propia)\u00a0<strong>Incluye 2 Piezas<\/strong><\/li>\n<li>Permite agregar hasta 3 c\u00f3digos de acceso temporales<\/li>\n<li>Bot\u00f3n para timbrar<\/li>\n<li>Distancia de lectura de tags de 0 a 10mm<\/li>\n<li>Desbloqueo con llave mec\u00e1nica en caso de emergencia<\/li>\n<li>Conexi\u00f3n Wi-Fi, Bluetooth<\/li>\n<li>Desbloqueo mediante Bluetooth<\/li>\n<li>Utiliza Bater\u00edas AA incluidas<\/li>\n<li>Alimentaci\u00f3n de emergencia, conector tipo C<\/li>\n<li>Protecci\u00f3n IP65, exterior con protecci\u00f3n<\/li>\n<\/ul>\n<h3>RECOMENDACIONES:<\/h3>\n<ul>\n<li>Recomendada para puerta de madera est\u00e1ndar de 30 a 110 mm de espesor, puertas est\u00e1ndar de madera de 40 a 55mm y puerta est\u00e1ndar de fierro de 55 a 75mm<\/li>\n<li>Se puede utilizar en puertas de lado izquierdo o derecho<\/li>\n<\/ul>\n<p>Servicios:<\/p>\n<p><strong>Nuestros Servicios Incluyen:<br \/>\n<\/strong><\/p>\n<ul>\n<li>Instalaci\u00f3n y materiales de instalaci\u00f3n<\/li>\n<li>1 a\u00f1o de Garant\u00eda<\/li>\n<\/ul>\n<p>&nbsp;<\/p>\n<p>\u00danico Pago<\/p>\n","protected":false},"excerpt":{"rendered":"<p>CHAPA INELIGENTE EZVIZ<\/p>\n","protected":false},"featured_media":939,"comment_status":"open","ping_status":"closed","template":"","meta":{"_uag_custom_page_level_css":""},"product_brand":[],"product_cat":[33],"product_tag":[],"class_list":{"0":"post-938","1":"product","2":"type-product","3":"status-publish","4":"has-post-thumbnail","6":"product_cat-venta-e-instalacion","8":"first","9":"instock","10":"sale","11":"taxable","12":"shipping-taxable","13":"purchasable","14":"product-type-simple"},"uagb_featured_image_src":{"full":["https:\/\/sisem-pro.com.mx\/wp-content\/uploads\/2026\/03\/TOTAL-CHAPA.jpg",439,483,false],"thumbnail":["https:\/\/sisem-pro.com.mx\/wp-content\/uploads\/2026\/03\/TOTAL-CHAPA-150x150.jpg",150,150,true],"medium":["https:\/\/sisem-pro.com.mx\/wp-content\/uploads\/2026\/03\/TOTAL-CHAPA-273x300.jpg",273,300,true],"medium_large":["https:\/\/sisem-pro.com.mx\/wp-content\/uploads\/2026\/03\/TOTAL-CHAPA.jpg",439,483,false],"large":["https:\/\/sisem-pro.com.mx\/wp-content\/uploads\/2026\/03\/TOTAL-CHAPA.jpg",439,483,false],"1536x1536":["https:\/\/sisem-pro.com.mx\/wp-content\/uploads\/2026\/03\/TOTAL-CHAPA.jpg",439,483,false],"2048x2048":["https:\/\/sisem-pro.com.mx\/wp-content\/uploads\/2026\/03\/TOTAL-CHAPA.jpg",439,483,false],"mailpoet_newsletter_max":["https:\/\/sisem-pro.com.mx\/wp-content\/uploads\/2026\/03\/TOTAL-CHAPA.jpg",439,483,false],"woocommerce_thumbnail":["https:\/\/sisem-pro.com.mx\/wp-content\/uploads\/2026\/03\/TOTAL-CHAPA-300x300.jpg",300,300,true],"woocommerce_single":["https:\/\/sisem-pro.com.mx\/wp-content\/uploads\/2026\/03\/TOTAL-CHAPA.jpg",439,483,false],"woocommerce_gallery_thumbnail":["https:\/\/sisem-pro.com.mx\/wp-content\/uploads\/2026\/03\/TOTAL-CHAPA-100x100.jpg",100,100,true]},"uagb_author_info":{"display_name":false,"author_link":"https:\/\/sisem-pro.com.mx\/index.php\/author\/"},"uagb_comment_info":0,"uagb_excerpt":"CHAPA INELIGENTE EZVIZ","_links":{"self":[{"href":"https:\/\/sisem-pro.com.mx\/index.php\/wp-json\/wp\/v2\/product\/938","targetHints":{"allow":["GET"]}}],"collection":[{"href":"https:\/\/sisem-pro.com.mx\/index.php\/wp-json\/wp\/v2\/product"}],"about":[{"href":"https:\/\/sisem-pro.com.mx\/index.php\/wp-json\/wp\/v2\/types\/product"}],"replies":[{"embeddable":true,"href":"https:\/\/sisem-pro.com.mx\/index.php\/wp-json\/wp\/v2\/comments?post=938"}],"wp:featuredmedia":[{"embeddable":true,"href":"https:\/\/sisem-pro.com.mx\/index.php\/wp-json\/wp\/v2\/media\/939"}],"wp:attachment":[{"href":"https:\/\/sisem-pro.com.mx\/index.php\/wp-json\/wp\/v2\/media?parent=938"}],"wp:term":[{"taxonomy":"product_brand","embeddable":true,"href":"https:\/\/sisem-pro.com.mx\/index.php\/wp-json\/wp\/v2\/product_brand?post=938"},{"taxonomy":"product_cat","embeddable":true,"href":"https:\/\/sisem-pro.com.mx\/index.php\/wp-json\/wp\/v2\/product_cat?post=938"},{"taxonomy":"product_tag","embeddable":true,"href":"https:\/\/sisem-pro.com.mx\/index.php\/wp-json\/wp\/v2\/product_tag?post=938"}],"curies":[{"name":"wp","href":"https:\/\/api.w.org\/{rel}","templated":true}]}}