{"id":923,"date":"2026-03-02T23:10:58","date_gmt":"2026-03-02T22:10:58","guid":{"rendered":"https:\/\/sisem-pro.com.mx\/?post_type=product&#038;p=923"},"modified":"2026-04-09T07:54:37","modified_gmt":"2026-04-09T05:54:37","slug":"kit20mts-yonusa","status":"publish","type":"product","link":"https:\/\/sisem-pro.com.mx\/index.php\/producto\/kit20mts-yonusa\/","title":{"rendered":"TOTAL 20MTS YONUSA"},"content":{"rendered":"<h4><strong>KIT20MTS YONUSA<br \/>\n20 metros lineales<\/strong><\/h4>\n<p>Esta Soluci\u00f3n Incluye:<\/p>\n<ul>\n<li><span class=\"a_GcMg font-feature-liga-off font-feature-clig-off font-feature-calt-off text-decoration-none text-strikethrough-none\"><span class=\"a_GcMg font-feature-liga-off font-feature-clig-off font-feature-calt-off text-decoration-none text-strikethrough-none\"><strong>1x Energizador YONUSA<br \/>\n<\/strong><\/span><\/span>Genera una descarga de m\u00e1s de <strong>12,000 Voltios. <\/strong>El <strong>mejor<\/strong> y m\u00e1s <strong>rentable<\/strong> sistema de protecci\u00f3n perimetral con tarjeta fabricada con\u00a0tecnolog\u00eda SMT, ideal para <strong>proteger<\/strong> casas, condominios, empresas y predios. Sistema disuasivo mediante letreros de Alto Voltaje y repulsivo. Alarma por atenuaci\u00f3n de voltaje, corte o aterrizamiento de l\u00ednea.<\/li>\n<\/ul>\n<p>&nbsp;<\/p>\n<ul>\n<li><strong>1x Bater\u00eda Respaldo<br \/>\n<\/strong>Bater\u00eda de <strong>4 A\/h 12 Vcc<\/strong>. \u00a1Respaldo de hasta <strong>3 d\u00edas<\/strong>!<\/li>\n<\/ul>\n<p>&nbsp;<\/p>\n<ul>\n<li><strong><strong>1x Sirena<br \/>\n<\/strong><\/strong>Sirena de <strong>2<\/strong> tonos <strong>30 W<\/strong>\/ Sonido <strong>118 dB<\/strong><\/li>\n<\/ul>\n<p>&nbsp;<\/p>\n<ul>\n<li><strong>2x Letreros<br \/>\n<\/strong>Letrero de <strong>PRECAUCION<\/strong> para cercas electrificadas <strong><strong><strong>(21.8 x 17 cm)<\/strong><\/strong><\/strong><\/li>\n<\/ul>\n<p>&nbsp;<\/p>\n<ul>\n<li><strong><strong><strong>5x Postes<br \/>\n<\/strong><\/strong><\/strong>Poste con 6 Aisladores de PASO para Cerca Electrificada. Pintura Negra<\/li>\n<\/ul>\n<p>&nbsp;<\/p>\n<ul>\n<li><strong><strong>1x Alambrado<br \/>\n<\/strong><\/strong>Alambre de Aluminio Reforzado \/ 16 AWG \/ Para Intemperie y Cable Buj\u00eda doble aislado de alta durabilidad para cercas electrificadas.<\/li>\n<\/ul>\n<p>&nbsp;<\/p>\n<p><strong><u>Consumo de energ\u00eda el\u00e9ctrica aproximado de $0.2 USD mensuales = 1.2 kw\/mes.<\/u><\/strong><\/p>\n<p>Servicios:<\/p>\n<p><strong>Nuestros Servicios Incluyen:<\/strong><\/p>\n<ul>\n<li>Instalaci\u00f3n y materiales de instalaci\u00f3n (Incluye: 1 a 5 metros cable el\u00e9ctrico Uso Rudo, grapas para cable Buj\u00eda)<\/li>\n<li>Instalaci\u00f3n lineal<\/li>\n<li>1 a\u00f1o de Garant\u00eda<\/li>\n<\/ul>\n<p>\u00danico Pago<\/p>\n<p><b>\u00a0<\/b><\/p>\n","protected":false},"excerpt":{"rendered":"<p>KIT20MTS LINEALES YONUSA<\/p>\n","protected":false},"featured_media":931,"comment_status":"open","ping_status":"closed","template":"","meta":{"_uag_custom_page_level_css":""},"product_brand":[],"product_cat":[33],"product_tag":[],"class_list":{"0":"post-923","1":"product","2":"type-product","3":"status-publish","4":"has-post-thumbnail","6":"product_cat-venta-e-instalacion","8":"first","9":"instock","10":"sale","11":"downloadable","12":"virtual","13":"sold-individually","14":"taxable","15":"purchasable","16":"product-type-simple"},"uagb_featured_image_src":{"full":["https:\/\/sisem-pro.com.mx\/wp-content\/uploads\/2026\/03\/KIT20TONUSA2.jpg",508,506,false],"thumbnail":["https:\/\/sisem-pro.com.mx\/wp-content\/uploads\/2026\/03\/KIT20TONUSA2-150x150.jpg",150,150,true],"medium":["https:\/\/sisem-pro.com.mx\/wp-content\/uploads\/2026\/03\/KIT20TONUSA2-300x300.jpg",300,300,true],"medium_large":["https:\/\/sisem-pro.com.mx\/wp-content\/uploads\/2026\/03\/KIT20TONUSA2.jpg",508,506,false],"large":["https:\/\/sisem-pro.com.mx\/wp-content\/uploads\/2026\/03\/KIT20TONUSA2.jpg",508,506,false],"1536x1536":["https:\/\/sisem-pro.com.mx\/wp-content\/uploads\/2026\/03\/KIT20TONUSA2.jpg",508,506,false],"2048x2048":["https:\/\/sisem-pro.com.mx\/wp-content\/uploads\/2026\/03\/KIT20TONUSA2.jpg",508,506,false],"mailpoet_newsletter_max":["https:\/\/sisem-pro.com.mx\/wp-content\/uploads\/2026\/03\/KIT20TONUSA2.jpg",508,506,false],"woocommerce_thumbnail":["https:\/\/sisem-pro.com.mx\/wp-content\/uploads\/2026\/03\/KIT20TONUSA2-300x300.jpg",300,300,true],"woocommerce_single":["https:\/\/sisem-pro.com.mx\/wp-content\/uploads\/2026\/03\/KIT20TONUSA2.jpg",508,506,false],"woocommerce_gallery_thumbnail":["https:\/\/sisem-pro.com.mx\/wp-content\/uploads\/2026\/03\/KIT20TONUSA2-100x100.jpg",100,100,true]},"uagb_author_info":{"display_name":false,"author_link":"https:\/\/sisem-pro.com.mx\/index.php\/author\/"},"uagb_comment_info":0,"uagb_excerpt":"KIT20MTS LINEALES YONUSA","_links":{"self":[{"href":"https:\/\/sisem-pro.com.mx\/index.php\/wp-json\/wp\/v2\/product\/923","targetHints":{"allow":["GET"]}}],"collection":[{"href":"https:\/\/sisem-pro.com.mx\/index.php\/wp-json\/wp\/v2\/product"}],"about":[{"href":"https:\/\/sisem-pro.com.mx\/index.php\/wp-json\/wp\/v2\/types\/product"}],"replies":[{"embeddable":true,"href":"https:\/\/sisem-pro.com.mx\/index.php\/wp-json\/wp\/v2\/comments?post=923"}],"wp:featuredmedia":[{"embeddable":true,"href":"https:\/\/sisem-pro.com.mx\/index.php\/wp-json\/wp\/v2\/media\/931"}],"wp:attachment":[{"href":"https:\/\/sisem-pro.com.mx\/index.php\/wp-json\/wp\/v2\/media?parent=923"}],"wp:term":[{"taxonomy":"product_brand","embeddable":true,"href":"https:\/\/sisem-pro.com.mx\/index.php\/wp-json\/wp\/v2\/product_brand?post=923"},{"taxonomy":"product_cat","embeddable":true,"href":"https:\/\/sisem-pro.com.mx\/index.php\/wp-json\/wp\/v2\/product_cat?post=923"},{"taxonomy":"product_tag","embeddable":true,"href":"https:\/\/sisem-pro.com.mx\/index.php\/wp-json\/wp\/v2\/product_tag?post=923"}],"curies":[{"name":"wp","href":"https:\/\/api.w.org\/{rel}","templated":true}]}}