{"id":795,"date":"2026-02-27T23:15:20","date_gmt":"2026-02-27T22:15:20","guid":{"rendered":"https:\/\/sisem-pro.com.mx\/?post_type=product&#038;p=795"},"modified":"2026-04-18T04:36:18","modified_gmt":"2026-04-18T02:36:18","slug":"total-protect-1","status":"publish","type":"product","link":"https:\/\/sisem-pro.com.mx\/index.php\/producto\/total-protect-1\/","title":{"rendered":"TOTAL PROTECT 1"},"content":{"rendered":"<h2><strong>TOTAL PROTECT 1<\/strong><\/h2>\n<h4 class=\"text-sm mb-3\">Esta soluci\u00f3n incluye:<\/h4>\n<p><img loading=\"lazy\" decoding=\"async\" class=\"wp-image-603 aligncenter\" src=\"http:\/\/sisem-pro.com.mx\/wp-content\/uploads\/2026\/02\/HCTGRABMOV7D1A-h-300x300.png\" alt=\"\" width=\"220\" height=\"220\" srcset=\"https:\/\/sisem-pro.com.mx\/wp-content\/uploads\/2026\/02\/HCTGRABMOV7D1A-h-300x300.png 300w, https:\/\/sisem-pro.com.mx\/wp-content\/uploads\/2026\/02\/HCTGRABMOV7D1A-h-100x100.png 100w, https:\/\/sisem-pro.com.mx\/wp-content\/uploads\/2026\/02\/HCTGRABMOV7D1A-h-600x600.png 600w, https:\/\/sisem-pro.com.mx\/wp-content\/uploads\/2026\/02\/HCTGRABMOV7D1A-h-1024x1024.png 1024w, https:\/\/sisem-pro.com.mx\/wp-content\/uploads\/2026\/02\/HCTGRABMOV7D1A-h-150x150.png 150w, https:\/\/sisem-pro.com.mx\/wp-content\/uploads\/2026\/02\/HCTGRABMOV7D1A-h-768x768.png 768w, https:\/\/sisem-pro.com.mx\/wp-content\/uploads\/2026\/02\/HCTGRABMOV7D1A-h-1536x1536.png 1536w, https:\/\/sisem-pro.com.mx\/wp-content\/uploads\/2026\/02\/HCTGRABMOV7D1A-h-1320x1320.png 1320w, https:\/\/sisem-pro.com.mx\/wp-content\/uploads\/2026\/02\/HCTGRABMOV7D1A-h.png 2000w\" sizes=\"auto, (max-width: 220px) 100vw, 220px\" \/><\/p>\n<ul class=\"ml-4 list-outside list-disc whitespace-normal text-sm\" data-streamdown=\"unordered-list\">\n<li class=\"py-1\" data-streamdown=\"list-item\">\n<blockquote><p><strong>x1 Almacenamiento en la nube:<\/strong><\/p><\/blockquote>\n<p>Grabaci\u00f3n en la Nube\u00a0<strong>7 D\u00edas<\/strong>\u00a0de Retenci\u00f3n Sobre Escribibles por Detecci\u00f3n de Movimiento,\u00a0<strong>por c\u00e1mara<\/strong>.<\/p>\n<p><img loading=\"lazy\" decoding=\"async\" class=\"wp-image-187 aligncenter\" src=\"http:\/\/sisem-pro.com.mx\/wp-content\/uploads\/2024\/08\/image-11-300x300.png\" alt=\"\" width=\"203\" height=\"203\" srcset=\"https:\/\/sisem-pro.com.mx\/wp-content\/uploads\/2024\/08\/image-11-300x300.png 300w, https:\/\/sisem-pro.com.mx\/wp-content\/uploads\/2024\/08\/image-11-100x100.png 100w, https:\/\/sisem-pro.com.mx\/wp-content\/uploads\/2024\/08\/image-11-150x150.png 150w, https:\/\/sisem-pro.com.mx\/wp-content\/uploads\/2024\/08\/image-11.png 400w\" sizes=\"auto, (max-width: 203px) 100vw, 203px\" \/><\/li>\n<li class=\"py-1\" data-streamdown=\"list-item\">\n<blockquote><p><strong>x1 C\u00e1mara Antivand\u00e1lica con Inteligencia Artificial:<\/strong><\/p><\/blockquote>\n<p><strong>C\u00e1mara <\/strong>met\u00e1lica Grado IK08\u00a0<strong>Antivand\u00e1lica\u00a0<\/strong>con detecci\u00f3n\u00a0<strong>Inteligente\u00a0<\/strong>de humanos y veh\u00edculos, con\u00a0<strong>Micr\u00f3fono<\/strong>.<br \/>\nResoluci\u00f3n Full HD de <strong>2 MP<\/strong>\u00a0con tecnolog\u00eda \u201c<strong>Smart Hybrid Light<\/strong>\u201d para visi\u00f3n nocturna a\u00a0<strong>color<\/strong>.<br \/>\nRobusta protecci\u00f3n <strong>IP67\u00a0<\/strong>frente a cualquier\u00a0<strong>clima<\/strong>.<\/p>\n<p><img loading=\"lazy\" decoding=\"async\" class=\"size-medium wp-image-503 aligncenter\" src=\"http:\/\/sisem-pro.com.mx\/wp-content\/uploads\/2025\/08\/image-25-300x300.png\" alt=\"\" width=\"300\" height=\"300\" srcset=\"https:\/\/sisem-pro.com.mx\/wp-content\/uploads\/2025\/08\/image-25-300x300.png 300w, https:\/\/sisem-pro.com.mx\/wp-content\/uploads\/2025\/08\/image-25-100x100.png 100w, https:\/\/sisem-pro.com.mx\/wp-content\/uploads\/2025\/08\/image-25-600x600.png 600w, https:\/\/sisem-pro.com.mx\/wp-content\/uploads\/2025\/08\/image-25-150x150.png 150w, https:\/\/sisem-pro.com.mx\/wp-content\/uploads\/2025\/08\/image-25.png 700w\" sizes=\"auto, (max-width: 300px) 100vw, 300px\" \/><\/li>\n<li class=\"py-1\" data-streamdown=\"list-item\">\n<blockquote><p><strong>x1 Alarma Inal\u00e1mbrica.<\/strong><\/p><\/blockquote>\n<p class=\"has-text-align-left\"><strong>Alarma\u00a0<\/strong>con Comunicaci\u00f3n <strong>inal\u00e1mbrica\u00a0<\/strong>bidireccional estable y segura.<\/p>\n<p><strong>Bater\u00eda de respaldo<\/strong>\u00a0que soporta hasta\u00a0<strong>12 horas<\/strong> despu\u00e9s de la p\u00e9rdida de energ\u00eda principal.<\/p>\n<p><strong>Incluye:<br \/>\n<\/strong>1x Panel<br \/>\n1x Sensor de movimiento<br \/>\n2x sensores de Puerta o Ventana<br \/>\n1x Sirena para Exterior<br \/>\n1x Control para operaciones de armado, desarmado y P\u00e1nico.<\/p>\n<p><img loading=\"lazy\" decoding=\"async\" class=\"aligncenter\" src=\"https:\/\/ftp3.syscom.mx\/usuarios\/fotos\/BancoFotografiasSyscom\/HIKVISION\/DSKIS312P\/DSKIS312P-LAT-IZQ-h.PNG\" alt=\"Vista 3 del producto\" width=\"255\" height=\"255\" \/><\/li>\n<\/ul>\n<ul class=\"ml-4 list-outside list-disc whitespace-normal text-sm\" data-streamdown=\"unordered-list\">\n<li class=\"py-1\" data-streamdown=\"list-item\">\n<blockquote><p><strong>x1 Videoportero\u00a0TurboHD con Pantalla LCD touch.<\/strong><\/p><\/blockquote>\n<p class=\"has-text-align-left\">Videoportero Hibrido TurboHD con Pantalla LCD touch de 7&#8243; Wi-Fi.<br \/>\nFrente de Calle para <strong>Exterior<\/strong>, 720p (1 Megap\u00edxel )<strong>130\u00b0 de Visi\u00f3n<\/strong> (Gran Angular).<br \/>\n<strong>Llamada a App.<\/strong><\/p>\n<\/li>\n<\/ul>\n<p>&nbsp;<\/p>\n<p>Servicios:<\/p>\n<p><strong>Nuestros Servicios incluyen:<\/strong><\/p>\n<ul>\n<li>Instalaci\u00f3n sin costo<\/li>\n<li>Mantenimiento f\u00edsico y actualizaciones.<\/li>\n<li>Reportes: eventos quincenalmente<\/li>\n<li>Monitoreo: estado de salud de los equipos.<\/li>\n<li>Incluye hasta 10m de cable para frente de calle con monitor.<\/li>\n<li>Incluye hasta 15m de cable por c\u00e1mara.<\/li>\n<\/ul>\n<p>Plan a 12 meses<\/p>\n","protected":false},"excerpt":{"rendered":"<p>NUBE 7 D\u00cdAS + 1 C\u00c1MARA ANTIVAND\u00c1LICA CON IA + 1 ALARMA AXPRO + 1 VIDEPORTERO<\/p>\n","protected":false},"featured_media":1231,"comment_status":"open","ping_status":"closed","template":"","meta":{"_uag_custom_page_level_css":""},"product_brand":[],"product_cat":[24],"product_tag":[],"class_list":{"0":"post-795","1":"product","2":"type-product","3":"status-publish","4":"has-post-thumbnail","6":"product_cat-renta","8":"first","9":"instock","10":"sale","11":"downloadable","12":"virtual","13":"sold-individually","14":"taxable","15":"purchasable","16":"product-type-simple"},"uagb_featured_image_src":{"full":["https:\/\/sisem-pro.com.mx\/wp-content\/uploads\/2026\/02\/1.jpg",1080,1350,false],"thumbnail":["https:\/\/sisem-pro.com.mx\/wp-content\/uploads\/2026\/02\/1-150x150.jpg",150,150,true],"medium":["https:\/\/sisem-pro.com.mx\/wp-content\/uploads\/2026\/02\/1-240x300.jpg",240,300,true],"medium_large":["https:\/\/sisem-pro.com.mx\/wp-content\/uploads\/2026\/02\/1-768x960.jpg",768,960,true],"large":["https:\/\/sisem-pro.com.mx\/wp-content\/uploads\/2026\/02\/1-819x1024.jpg",819,1024,true],"1536x1536":["https:\/\/sisem-pro.com.mx\/wp-content\/uploads\/2026\/02\/1.jpg",1080,1350,false],"2048x2048":["https:\/\/sisem-pro.com.mx\/wp-content\/uploads\/2026\/02\/1.jpg",1080,1350,false],"mailpoet_newsletter_max":["https:\/\/sisem-pro.com.mx\/wp-content\/uploads\/2026\/02\/1.jpg",1080,1350,false],"woocommerce_thumbnail":["https:\/\/sisem-pro.com.mx\/wp-content\/uploads\/2026\/02\/1-300x300.jpg",300,300,true],"woocommerce_single":["https:\/\/sisem-pro.com.mx\/wp-content\/uploads\/2026\/02\/1-600x750.jpg",600,750,true],"woocommerce_gallery_thumbnail":["https:\/\/sisem-pro.com.mx\/wp-content\/uploads\/2026\/02\/1-100x100.jpg",100,100,true]},"uagb_author_info":{"display_name":false,"author_link":"https:\/\/sisem-pro.com.mx\/index.php\/author\/"},"uagb_comment_info":0,"uagb_excerpt":"NUBE 7 D\u00cdAS + 1 C\u00c1MARA ANTIVAND\u00c1LICA CON IA + 1 ALARMA AXPRO + 1 VIDEPORTERO","_links":{"self":[{"href":"https:\/\/sisem-pro.com.mx\/index.php\/wp-json\/wp\/v2\/product\/795","targetHints":{"allow":["GET"]}}],"collection":[{"href":"https:\/\/sisem-pro.com.mx\/index.php\/wp-json\/wp\/v2\/product"}],"about":[{"href":"https:\/\/sisem-pro.com.mx\/index.php\/wp-json\/wp\/v2\/types\/product"}],"replies":[{"embeddable":true,"href":"https:\/\/sisem-pro.com.mx\/index.php\/wp-json\/wp\/v2\/comments?post=795"}],"wp:featuredmedia":[{"embeddable":true,"href":"https:\/\/sisem-pro.com.mx\/index.php\/wp-json\/wp\/v2\/media\/1231"}],"wp:attachment":[{"href":"https:\/\/sisem-pro.com.mx\/index.php\/wp-json\/wp\/v2\/media?parent=795"}],"wp:term":[{"taxonomy":"product_brand","embeddable":true,"href":"https:\/\/sisem-pro.com.mx\/index.php\/wp-json\/wp\/v2\/product_brand?post=795"},{"taxonomy":"product_cat","embeddable":true,"href":"https:\/\/sisem-pro.com.mx\/index.php\/wp-json\/wp\/v2\/product_cat?post=795"},{"taxonomy":"product_tag","embeddable":true,"href":"https:\/\/sisem-pro.com.mx\/index.php\/wp-json\/wp\/v2\/product_tag?post=795"}],"curies":[{"name":"wp","href":"https:\/\/api.w.org\/{rel}","templated":true}]}}