{"id":1185,"date":"2026-04-07T21:59:46","date_gmt":"2026-04-07T19:59:46","guid":{"rendered":"https:\/\/sisem-pro.com.mx\/?post_type=product&#038;p=1185"},"modified":"2026-04-07T22:10:52","modified_gmt":"2026-04-07T20:10:52","slug":"alarma-sos-3","status":"publish","type":"product","link":"https:\/\/sisem-pro.com.mx\/index.php\/producto\/alarma-sos-3\/","title":{"rendered":"ALARMA SOS 3"},"content":{"rendered":"<div>\n<div>\n<h1><strong>SOS3<br \/>\n<\/strong><\/h1>\n<h3>Esta Soluci\u00f3n Incluye:<\/h3>\n<\/div>\n<div>\n<div>\n<p>&nbsp;<\/p>\n<p><img loading=\"lazy\" decoding=\"async\" class=\"size-medium wp-image-1176 alignnone\" src=\"http:\/\/sisem-pro.com.mx\/wp-content\/uploads\/2026\/04\/9199-MXN-1-300x156.jpg\" alt=\"\" width=\"300\" height=\"156\" srcset=\"https:\/\/sisem-pro.com.mx\/wp-content\/uploads\/2026\/04\/9199-MXN-1-300x156.jpg 300w, https:\/\/sisem-pro.com.mx\/wp-content\/uploads\/2026\/04\/9199-MXN-1-1024x533.jpg 1024w, https:\/\/sisem-pro.com.mx\/wp-content\/uploads\/2026\/04\/9199-MXN-1-768x400.jpg 768w, https:\/\/sisem-pro.com.mx\/wp-content\/uploads\/2026\/04\/9199-MXN-1-600x312.jpg 600w, https:\/\/sisem-pro.com.mx\/wp-content\/uploads\/2026\/04\/9199-MXN-1.jpg 1080w\" sizes=\"auto, (max-width: 300px) 100vw, 300px\" \/><\/p>\n<h2>BOT\u00d3N DE P\u00c1NICO<br \/>\n(rojo o blanco)<\/h2>\n<h4>Discreto, accesible, vital<\/h4>\n<p>Con solo presionarlo, se activa la alerta para emergencias como robos, amenazas o situaciones m\u00e9dicas.<br \/>\n\ud83d\udd27 Instalaci\u00f3n en puntos estrat\u00e9gicos.<br \/>\n\ud83d\udce1 Comunicaci\u00f3n al\u00e1mbrica, aviso instant\u00e1neo al panel.<\/p>\n<p>&nbsp;<\/p>\n<p><img loading=\"lazy\" decoding=\"async\" class=\" wp-image-1177 alignnone\" src=\"http:\/\/sisem-pro.com.mx\/wp-content\/uploads\/2026\/04\/9199-MXN-2-300x250.jpg\" alt=\"\" width=\"274\" height=\"228\" srcset=\"https:\/\/sisem-pro.com.mx\/wp-content\/uploads\/2026\/04\/9199-MXN-2-300x250.jpg 300w, https:\/\/sisem-pro.com.mx\/wp-content\/uploads\/2026\/04\/9199-MXN-2-1024x852.jpg 1024w, https:\/\/sisem-pro.com.mx\/wp-content\/uploads\/2026\/04\/9199-MXN-2-768x639.jpg 768w, https:\/\/sisem-pro.com.mx\/wp-content\/uploads\/2026\/04\/9199-MXN-2-600x499.jpg 600w, https:\/\/sisem-pro.com.mx\/wp-content\/uploads\/2026\/04\/9199-MXN-2.jpg 1067w\" sizes=\"auto, (max-width: 274px) 100vw, 274px\" \/><\/p>\n<h2>PANEL CENTRAL INTELIGENTE<\/h2>\n<\/div>\n<h4>El cerebro del sistema<\/h4>\n<p>Permite la activaci\u00f3n y comunicaci\u00f3n de la alarma en tiempo real.<br \/>\n\ud83d\udedc\u00a0Conexi\u00f3n a Internet por WIFI.<br \/>\n\ud83d\udcf1 App compatible con smartphone Android y IOS.<\/p>\n<\/div>\n<\/div>\n<p>&nbsp;<\/p>\n<p><img loading=\"lazy\" decoding=\"async\" class=\"alignnone size-medium wp-image-1179\" src=\"http:\/\/sisem-pro.com.mx\/wp-content\/uploads\/2026\/04\/9199-MXN-3-193x300.jpg\" alt=\"\" width=\"193\" height=\"300\" srcset=\"https:\/\/sisem-pro.com.mx\/wp-content\/uploads\/2026\/04\/9199-MXN-3-193x300.jpg 193w, https:\/\/sisem-pro.com.mx\/wp-content\/uploads\/2026\/04\/9199-MXN-3-600x935.jpg 600w, https:\/\/sisem-pro.com.mx\/wp-content\/uploads\/2026\/04\/9199-MXN-3.jpg 626w\" sizes=\"auto, (max-width: 193px) 100vw, 193px\" \/><\/p>\n<div>\n<h2>SIRENA DE ALTA POTENCIA<\/h2>\n<h4>Disuasi\u00f3n inmediata<\/h4>\n<p>Una potente alarma sonora de 108 dB que alerta al vecindario e intimida a los intrusos<br \/>\n\ud83c\udf10 Puede ser interior o exterior.<br \/>\n\ud83d\udca1 Incluye luz estrobosc\u00f3pica de alerta.<\/p>\n<\/div>\n<p>&nbsp;<\/p>\n<p><img loading=\"lazy\" decoding=\"async\" class=\"alignnone  wp-image-1187\" src=\"http:\/\/sisem-pro.com.mx\/wp-content\/uploads\/2026\/04\/pila-300x243.jpg\" alt=\"\" width=\"277\" height=\"224\" srcset=\"https:\/\/sisem-pro.com.mx\/wp-content\/uploads\/2026\/04\/pila-300x243.jpg 300w, https:\/\/sisem-pro.com.mx\/wp-content\/uploads\/2026\/04\/pila.jpg 315w\" sizes=\"auto, (max-width: 277px) 100vw, 277px\" \/><\/p>\n<p>&nbsp;<\/p>\n<h2>RESPALDO DE ENERG\u00cdA<\/h2>\n<h4><span class=\"a_GcMg font-feature-liga-off font-feature-clig-off font-feature-calt-off text-decoration-none text-strikethrough-none\">Funcionamiento continuo durante cortes de luz<\/span><\/h4>\n<p class=\"cvGsUA direction-ltr align-justify para-style-body\"><span class=\"a_GcMg font-feature-liga-off font-feature-clig-off font-feature-calt-off text-decoration-none text-strikethrough-none\">El sistema sigue activo y protegiendo incluso si se va la electricidad, lo que es clave en emergencias.<\/span><\/p>\n<p class=\"cvGsUA direction-ltr align-justify para-style-body\"><span class=\"a_GcMg font-feature-liga-off font-feature-clig-off font-feature-calt-off text-decoration-none text-strikethrough-none\">\ud83d\udd12 Mayor protecci\u00f3n ante sabotajes.<\/span><\/p>\n<p class=\"cvGsUA direction-ltr align-justify para-style-body\"><span class=\"a_GcMg font-feature-liga-off font-feature-clig-off font-feature-calt-off text-decoration-none text-strikethrough-none\">\ud83d\udd0bLa bater\u00eda otorga tiempo para recibir alertas, dar aviso a las autoridades<\/span> <span class=\"a_GcMg font-feature-liga-off font-feature-clig-off font-feature-calt-off text-decoration-none text-strikethrough-none\">o actuar mientras vuelve la energ\u00eda.<\/span><\/p>\n<p>NOTA: SOS3 otorga respaldo de energ\u00eda al sistema de alarma y router proveedor de Internet.<\/p>\n<p>&nbsp;<\/p>\n<p><img loading=\"lazy\" decoding=\"async\" class=\"alignnone size-full wp-image-1180\" src=\"http:\/\/sisem-pro.com.mx\/wp-content\/uploads\/2026\/04\/ALEXA.jpg\" alt=\"\" width=\"157\" height=\"93\" \/><\/p>\n<h2><span class=\"a_GcMg font-feature-liga-off font-feature-clig-off font-feature-calt-off text-decoration-none text-strikethrough-none\">ALARMA COMPATIBLE CON ALEXA Y GOOGLE<\/span><\/h2>\n<div>\n<p>Puedes activar la alarma mediante comandos de voz personalizados como:<\/p>\n<p><b>\u201cAlexa, <\/b><b>activa<\/b><b> la <\/b><b>alarma<\/b><b> de <\/b><b>p\u00e1nico<\/b><b>\u201d<\/b><\/p>\n<p><b>\u00a0\u201cHey Google, <\/b><b>emergencia<\/b> <b>en<\/b><b> casa\/<\/b><b>negocio<\/b><b>\u201d<\/b><\/p>\n<\/div>\n<p>&nbsp;<\/p>\n<p><img loading=\"lazy\" decoding=\"async\" class=\"alignnone wp-image-1181\" src=\"http:\/\/sisem-pro.com.mx\/wp-content\/uploads\/2026\/04\/VECINAL-300x219.jpg\" alt=\"\" width=\"225\" height=\"164\" srcset=\"https:\/\/sisem-pro.com.mx\/wp-content\/uploads\/2026\/04\/VECINAL-300x219.jpg 300w, https:\/\/sisem-pro.com.mx\/wp-content\/uploads\/2026\/04\/VECINAL.jpg 355w\" sizes=\"auto, (max-width: 225px) 100vw, 225px\" \/><\/p>\n<h2>NOTIFICA A VECINOS Y FAMILARES<\/h2>\n<p>Notificaci\u00f3n inmediata a trav\u00e9s de la App M\u00f3vil en tiempo real de la activaci\u00f3n del sistema.<\/p>\n<p>&nbsp;<\/p>\n<p>&nbsp;<\/p>\n<p>Servicios:<\/p>\n<p><strong>Nuestros Servicios Incluyen:<\/strong><\/p>\n<ul>\n<li>Instalaci\u00f3n y materiales de instalaci\u00f3n (Incluye: 1 a 3 metros cable el\u00e9ctrico Uso Rudo &amp; 1 a 10 metros cable de CCA)<\/li>\n<li>1 a\u00f1o de Garant\u00eda<\/li>\n<\/ul>\n<p>\u00danico Pago<\/p>\n<div>\n<p>&nbsp;<\/p>\n<\/div>\n","protected":false},"excerpt":{"rendered":"<p>SOS3<\/p>\n","protected":false},"featured_media":1186,"comment_status":"open","ping_status":"closed","template":"","meta":{"_uag_custom_page_level_css":""},"product_brand":[],"product_cat":[29],"product_tag":[],"class_list":{"0":"post-1185","1":"product","2":"type-product","3":"status-publish","4":"has-post-thumbnail","6":"product_cat-sos","8":"first","9":"instock","10":"taxable","11":"shipping-taxable","12":"purchasable","13":"product-type-simple"},"uagb_featured_image_src":{"full":["https:\/\/sisem-pro.com.mx\/wp-content\/uploads\/2026\/04\/Sos3.jpg",540,675,false],"thumbnail":["https:\/\/sisem-pro.com.mx\/wp-content\/uploads\/2026\/04\/Sos3-150x150.jpg",150,150,true],"medium":["https:\/\/sisem-pro.com.mx\/wp-content\/uploads\/2026\/04\/Sos3-240x300.jpg",240,300,true],"medium_large":["https:\/\/sisem-pro.com.mx\/wp-content\/uploads\/2026\/04\/Sos3.jpg",540,675,false],"large":["https:\/\/sisem-pro.com.mx\/wp-content\/uploads\/2026\/04\/Sos3.jpg",540,675,false],"1536x1536":["https:\/\/sisem-pro.com.mx\/wp-content\/uploads\/2026\/04\/Sos3.jpg",540,675,false],"2048x2048":["https:\/\/sisem-pro.com.mx\/wp-content\/uploads\/2026\/04\/Sos3.jpg",540,675,false],"mailpoet_newsletter_max":["https:\/\/sisem-pro.com.mx\/wp-content\/uploads\/2026\/04\/Sos3.jpg",540,675,false],"woocommerce_thumbnail":["https:\/\/sisem-pro.com.mx\/wp-content\/uploads\/2026\/04\/Sos3-300x300.jpg",300,300,true],"woocommerce_single":["https:\/\/sisem-pro.com.mx\/wp-content\/uploads\/2026\/04\/Sos3.jpg",540,675,false],"woocommerce_gallery_thumbnail":["https:\/\/sisem-pro.com.mx\/wp-content\/uploads\/2026\/04\/Sos3-100x100.jpg",100,100,true]},"uagb_author_info":{"display_name":false,"author_link":"https:\/\/sisem-pro.com.mx\/index.php\/author\/"},"uagb_comment_info":0,"uagb_excerpt":"SOS3","_links":{"self":[{"href":"https:\/\/sisem-pro.com.mx\/index.php\/wp-json\/wp\/v2\/product\/1185","targetHints":{"allow":["GET"]}}],"collection":[{"href":"https:\/\/sisem-pro.com.mx\/index.php\/wp-json\/wp\/v2\/product"}],"about":[{"href":"https:\/\/sisem-pro.com.mx\/index.php\/wp-json\/wp\/v2\/types\/product"}],"replies":[{"embeddable":true,"href":"https:\/\/sisem-pro.com.mx\/index.php\/wp-json\/wp\/v2\/comments?post=1185"}],"wp:featuredmedia":[{"embeddable":true,"href":"https:\/\/sisem-pro.com.mx\/index.php\/wp-json\/wp\/v2\/media\/1186"}],"wp:attachment":[{"href":"https:\/\/sisem-pro.com.mx\/index.php\/wp-json\/wp\/v2\/media?parent=1185"}],"wp:term":[{"taxonomy":"product_brand","embeddable":true,"href":"https:\/\/sisem-pro.com.mx\/index.php\/wp-json\/wp\/v2\/product_brand?post=1185"},{"taxonomy":"product_cat","embeddable":true,"href":"https:\/\/sisem-pro.com.mx\/index.php\/wp-json\/wp\/v2\/product_cat?post=1185"},{"taxonomy":"product_tag","embeddable":true,"href":"https:\/\/sisem-pro.com.mx\/index.php\/wp-json\/wp\/v2\/product_tag?post=1185"}],"curies":[{"name":"wp","href":"https:\/\/api.w.org\/{rel}","templated":true}]}}