{"id":2,"date":"2024-07-11T04:52:02","date_gmt":"2024-07-11T02:52:02","guid":{"rendered":"http:\/\/sisem-pro.com.mx\/?page_id=2"},"modified":"2024-07-12T07:38:55","modified_gmt":"2024-07-12T05:38:55","slug":"erp","status":"publish","type":"page","link":"https:\/\/sisem-pro.com.mx\/index.php\/erp\/","title":{"rendered":"GARANT\u00cdA, CALIDAD Y SERVICIO AL CLIENTE"},"content":{"rendered":"\n<div class=\"wp-block-cover\" style=\"min-height:257px;aspect-ratio:unset;\"><span aria-hidden=\"true\" class=\"wp-block-cover__background has-vivid-cyan-blue-background-color has-background-dim-20 has-background-dim\"><\/span><img loading=\"lazy\" decoding=\"async\" width=\"1920\" height=\"640\" class=\"wp-block-cover__image-background wp-image-97\" alt=\"\" src=\"http:\/\/sisem-pro.com.mx\/wp-content\/uploads\/2024\/07\/pk37perv.png\" data-object-fit=\"cover\" srcset=\"https:\/\/sisem-pro.com.mx\/wp-content\/uploads\/2024\/07\/pk37perv.png 1920w, https:\/\/sisem-pro.com.mx\/wp-content\/uploads\/2024\/07\/pk37perv-600x200.png 600w, https:\/\/sisem-pro.com.mx\/wp-content\/uploads\/2024\/07\/pk37perv-300x100.png 300w, https:\/\/sisem-pro.com.mx\/wp-content\/uploads\/2024\/07\/pk37perv-1024x341.png 1024w, https:\/\/sisem-pro.com.mx\/wp-content\/uploads\/2024\/07\/pk37perv-768x256.png 768w, https:\/\/sisem-pro.com.mx\/wp-content\/uploads\/2024\/07\/pk37perv-1536x512.png 1536w\" sizes=\"auto, (max-width: 1920px) 100vw, 1920px\" \/><div class=\"wp-block-cover__inner-container is-layout-constrained wp-block-cover-is-layout-constrained\">\n<p class=\"has-text-align-center has-large-font-size\"><\/p>\n<\/div><\/div>\n\n\n\n<h2 class=\"wp-block-heading\">SERVICIOS<\/h2>\n\n\n\n<p>Ofrecemos una amplia gama de productos que abarcan sistemas de seguridad y control, a trav\u00e9s de video, control de acceso y sistemas de alarma. Tambi\u00e9n proporcionamos soluciones de seguridad integradas con tecnolog\u00eda de IA para ayudar a los usuarios finales con nuevas aplicaciones, posibilidades para la gesti\u00f3n de la seguridad y la inteligencia empresarial. En los \u00faltimos a\u00f1os hemos profundizado nuestro conocimiento y experiencia para satisfacer las necesidades de los clientes en varios mercados verticales con soluciones profesionales e inteligentes, que incluyen ciudad inteligente, transporte, comercio minorista, log\u00edstica, energ\u00eda y educaci\u00f3n. <\/p>\n\n\n\n<h2 class=\"wp-block-heading\">ENFOCADOS EN LA CALIDAD<\/h2>\n\n\n\n<p>La confianza de nuestros clientes y la gesti\u00f3n de la calidad, nos son fundamentales en el desarrollo de Proyectos. Estamos muy orgullosos de nuestra completa implementaci\u00f3n de la gesti\u00f3n de calidad en nuestras Instalaciones y mantenimientos, los cuales cumplen con los principales est\u00e1ndares, certificaciones obtenidas y capacitaciones.<\/p>\n\n\n\n<h2 class=\"wp-block-heading\">GARANT\u00cdAS<\/h2>\n\n\n\n<p>Priorizamos la calidad y hacemos un gran esfuerzo para garantizar que nuestros productos y servicios sean innovadores y confiables. Entendemos que los clientes valoran el soporte adicional en ciertas series de productos y servicios para su tranquilidad y control de costos.<\/p>\n","protected":false},"excerpt":{"rendered":"<p>SERVICIOS Ofrecemos una amplia gama de productos que abarcan sistemas de seguridad y control, a trav\u00e9s de video, control de acceso y sistemas de alarma. Tambi\u00e9n proporcionamos soluciones de seguridad integradas con tecnolog\u00eda de IA para ayudar a los usuarios finales con nuevas aplicaciones, posibilidades para la gesti\u00f3n de la seguridad y la inteligencia empresarial. [&hellip;]<\/p>\n","protected":false},"author":1,"featured_media":0,"parent":0,"menu_order":0,"comment_status":"closed","ping_status":"closed","template":"","meta":{"_uag_custom_page_level_css":"","footnotes":""},"class_list":["post-2","page","type-page","status-publish","hentry"],"uagb_featured_image_src":{"full":false,"thumbnail":false,"medium":false,"medium_large":false,"large":false,"1536x1536":false,"2048x2048":false,"mailpoet_newsletter_max":false,"woocommerce_thumbnail":false,"woocommerce_single":false,"woocommerce_gallery_thumbnail":false},"uagb_author_info":{"display_name":false,"author_link":"https:\/\/sisem-pro.com.mx\/index.php\/author\/sisempro55\/"},"uagb_comment_info":0,"uagb_excerpt":"SERVICIOS Ofrecemos una amplia gama de productos que abarcan sistemas de seguridad y control, a trav\u00e9s de video, control de acceso y sistemas de alarma. Tambi\u00e9n proporcionamos soluciones de seguridad integradas con tecnolog\u00eda de IA para ayudar a los usuarios finales con nuevas aplicaciones, posibilidades para la gesti\u00f3n de la seguridad y la inteligencia empresarial.&hellip;","_links":{"self":[{"href":"https:\/\/sisem-pro.com.mx\/index.php\/wp-json\/wp\/v2\/pages\/2","targetHints":{"allow":["GET"]}}],"collection":[{"href":"https:\/\/sisem-pro.com.mx\/index.php\/wp-json\/wp\/v2\/pages"}],"about":[{"href":"https:\/\/sisem-pro.com.mx\/index.php\/wp-json\/wp\/v2\/types\/page"}],"author":[{"embeddable":true,"href":"https:\/\/sisem-pro.com.mx\/index.php\/wp-json\/wp\/v2\/users\/1"}],"replies":[{"embeddable":true,"href":"https:\/\/sisem-pro.com.mx\/index.php\/wp-json\/wp\/v2\/comments?post=2"}],"version-history":[{"count":6,"href":"https:\/\/sisem-pro.com.mx\/index.php\/wp-json\/wp\/v2\/pages\/2\/revisions"}],"predecessor-version":[{"id":98,"href":"https:\/\/sisem-pro.com.mx\/index.php\/wp-json\/wp\/v2\/pages\/2\/revisions\/98"}],"wp:attachment":[{"href":"https:\/\/sisem-pro.com.mx\/index.php\/wp-json\/wp\/v2\/media?parent=2"}],"curies":[{"name":"wp","href":"https:\/\/api.w.org\/{rel}","templated":true}]}}