{"id":100,"date":"2024-07-12T07:55:23","date_gmt":"2024-07-12T05:55:23","guid":{"rendered":"http:\/\/sisem-pro.com.mx\/?page_id=100"},"modified":"2024-07-12T07:58:47","modified_gmt":"2024-07-12T05:58:47","slug":"ciberseguridad","status":"publish","type":"page","link":"https:\/\/sisem-pro.com.mx\/index.php\/ciberseguridad\/","title":{"rendered":"CIBERSEGURIDAD"},"content":{"rendered":"\n<div class=\"wp-block-cover is-light\" style=\"min-height:218px;aspect-ratio:unset;\"><span aria-hidden=\"true\" class=\"wp-block-cover__background has-background-dim\" style=\"background-color:#aba79c\"><\/span><img loading=\"lazy\" decoding=\"async\" width=\"1765\" height=\"633\" class=\"wp-block-cover__image-background wp-image-101\" alt=\"\" src=\"http:\/\/sisem-pro.com.mx\/wp-content\/uploads\/2024\/07\/sdf44ees.jpeg\" data-object-fit=\"cover\" srcset=\"https:\/\/sisem-pro.com.mx\/wp-content\/uploads\/2024\/07\/sdf44ees.jpeg 1765w, https:\/\/sisem-pro.com.mx\/wp-content\/uploads\/2024\/07\/sdf44ees-600x215.jpeg 600w, https:\/\/sisem-pro.com.mx\/wp-content\/uploads\/2024\/07\/sdf44ees-300x108.jpeg 300w, https:\/\/sisem-pro.com.mx\/wp-content\/uploads\/2024\/07\/sdf44ees-1024x367.jpeg 1024w, https:\/\/sisem-pro.com.mx\/wp-content\/uploads\/2024\/07\/sdf44ees-768x275.jpeg 768w, https:\/\/sisem-pro.com.mx\/wp-content\/uploads\/2024\/07\/sdf44ees-1536x551.jpeg 1536w\" sizes=\"auto, (max-width: 1765px) 100vw, 1765px\" \/><div class=\"wp-block-cover__inner-container is-layout-constrained wp-block-cover-is-layout-constrained\">\n<p class=\"has-text-align-center has-large-font-size\"><\/p>\n<\/div><\/div>\n\n\n\n<h2 class=\"wp-block-heading\">CIBERSEGURIDAD<\/h2>\n\n\n\n<p>Nos poyamos y nos adherimos a los est\u00e1ndares y las mejores pr\u00e1cticas de ciberseguridad que est\u00e1n reconocidas internacionalmente y disponibles por las mejores marcas, a trav\u00e9s de plataformas y sistemas seguros y confiables.<\/p>\n\n\n\n<p>Continuamos mejorando y utilizando m\u00e9todos abiertos y transparentes para que los usuarios puedan evaluar las capacidades de ciberseguridad.<\/p>\n","protected":false},"excerpt":{"rendered":"<p>CIBERSEGURIDAD Nos poyamos y nos adherimos a los est\u00e1ndares y las mejores pr\u00e1cticas de ciberseguridad que est\u00e1n reconocidas internacionalmente y disponibles por las mejores marcas, a trav\u00e9s de plataformas y sistemas seguros y confiables. Continuamos mejorando y utilizando m\u00e9todos abiertos y transparentes para que los usuarios puedan evaluar las capacidades de ciberseguridad.<\/p>\n","protected":false},"author":1,"featured_media":0,"parent":0,"menu_order":0,"comment_status":"closed","ping_status":"closed","template":"","meta":{"_uag_custom_page_level_css":"","footnotes":""},"class_list":["post-100","page","type-page","status-publish","hentry"],"uagb_featured_image_src":{"full":false,"thumbnail":false,"medium":false,"medium_large":false,"large":false,"1536x1536":false,"2048x2048":false,"mailpoet_newsletter_max":false,"woocommerce_thumbnail":false,"woocommerce_single":false,"woocommerce_gallery_thumbnail":false},"uagb_author_info":{"display_name":false,"author_link":"https:\/\/sisem-pro.com.mx\/index.php\/author\/sisempro55\/"},"uagb_comment_info":0,"uagb_excerpt":"CIBERSEGURIDAD Nos poyamos y nos adherimos a los est\u00e1ndares y las mejores pr\u00e1cticas de ciberseguridad que est\u00e1n reconocidas internacionalmente y disponibles por las mejores marcas, a trav\u00e9s de plataformas y sistemas seguros y confiables. Continuamos mejorando y utilizando m\u00e9todos abiertos y transparentes para que los usuarios puedan evaluar las capacidades de ciberseguridad.","_links":{"self":[{"href":"https:\/\/sisem-pro.com.mx\/index.php\/wp-json\/wp\/v2\/pages\/100","targetHints":{"allow":["GET"]}}],"collection":[{"href":"https:\/\/sisem-pro.com.mx\/index.php\/wp-json\/wp\/v2\/pages"}],"about":[{"href":"https:\/\/sisem-pro.com.mx\/index.php\/wp-json\/wp\/v2\/types\/page"}],"author":[{"embeddable":true,"href":"https:\/\/sisem-pro.com.mx\/index.php\/wp-json\/wp\/v2\/users\/1"}],"replies":[{"embeddable":true,"href":"https:\/\/sisem-pro.com.mx\/index.php\/wp-json\/wp\/v2\/comments?post=100"}],"version-history":[{"count":2,"href":"https:\/\/sisem-pro.com.mx\/index.php\/wp-json\/wp\/v2\/pages\/100\/revisions"}],"predecessor-version":[{"id":104,"href":"https:\/\/sisem-pro.com.mx\/index.php\/wp-json\/wp\/v2\/pages\/100\/revisions\/104"}],"wp:attachment":[{"href":"https:\/\/sisem-pro.com.mx\/index.php\/wp-json\/wp\/v2\/media?parent=100"}],"curies":[{"name":"wp","href":"https:\/\/api.w.org\/{rel}","templated":true}]}}